{"id":440,"date":"2021-03-25T14:15:29","date_gmt":"2021-03-25T14:15:29","guid":{"rendered":"https:\/\/pierdema.com\/?page_id=440"},"modified":"2022-09-25T00:43:01","modified_gmt":"2022-09-25T00:43:01","slug":"film-sculptures","status":"publish","type":"page","link":"https:\/\/pierdema.com\/fr\/film-sculptures\/","title":{"rendered":"04A Film-Sculptures"},"content":{"rendered":"<div data-elementor-type=\"wp-page\" data-elementor-id=\"440\" class=\"elementor elementor-440\">\n\t\t\t\t\t\t<section class=\"elementor-section elementor-top-section elementor-element elementor-element-2ac89ef elementor-section-full_width elementor-section-height-full elementor-section-height-default elementor-section-items-middle\" data-id=\"2ac89ef\" data-element_type=\"section\">\n\t\t\t\t\t\t<div class=\"elementor-container elementor-column-gap-default\">\n\t\t\t\t\t<div class=\"elementor-column elementor-col-100 elementor-top-column elementor-element elementor-element-e944460\" data-id=\"e944460\" data-element_type=\"column\">\n\t\t\t<div class=\"elementor-widget-wrap elementor-element-populated\">\n\t\t\t\t\t\t<section class=\"elementor-section elementor-inner-section elementor-element elementor-element-15affa0 elementor-section-boxed elementor-section-height-default elementor-section-height-default\" data-id=\"15affa0\" data-element_type=\"section\">\n\t\t\t\t\t\t<div class=\"elementor-container elementor-column-gap-default\">\n\t\t\t\t\t<div class=\"elementor-column elementor-col-50 elementor-inner-column elementor-element elementor-element-4e0fdf9\" data-id=\"4e0fdf9\" data-element_type=\"column\">\n\t\t\t<div class=\"elementor-widget-wrap elementor-element-populated\">\n\t\t\t\t\t\t<div class=\"elementor-element elementor-element-3779c32 elementor-widget elementor-widget-text-editor\" data-id=\"3779c32\" data-element_type=\"widget\" data-widget_type=\"text-editor.default\">\n\t\t\t\t<div class=\"elementor-widget-container\">\n\t\t\t\t\t\t\t\t\t<p>Film-Sculptures<\/p>\t\t\t\t\t\t\t\t<\/div>\n\t\t\t\t<\/div>\n\t\t\t\t\t<\/div>\n\t\t<\/div>\n\t\t\t\t<div class=\"elementor-column elementor-col-50 elementor-inner-column elementor-element elementor-element-b1e9aed\" data-id=\"b1e9aed\" data-element_type=\"column\">\n\t\t\t<div class=\"elementor-widget-wrap elementor-element-populated\">\n\t\t\t\t\t\t<div class=\"elementor-element elementor-element-0a07985 elementor-align-right elementor-widget elementor-widget-button\" data-id=\"0a07985\" data-element_type=\"widget\" data-widget_type=\"button.default\">\n\t\t\t\t<div class=\"elementor-widget-container\">\n\t\t\t\t\t\t\t\t\t<div class=\"elementor-button-wrapper\">\n\t\t\t\t\t<a class=\"elementor-button elementor-button-link elementor-size-xs\" href=\"https:\/\/pierdema.com\/fr\/#works\">\n\t\t\t\t\t\t<span class=\"elementor-button-content-wrapper\">\n\t\t\t\t\t\t<span class=\"elementor-button-icon\">\n\t\t\t\t<i aria-hidden=\"true\" class=\"far fa-window-close\"><\/i>\t\t\t<\/span>\n\t\t\t\t\t\t\t\t<\/span>\n\t\t\t\t\t<\/a>\n\t\t\t\t<\/div>\n\t\t\t\t\t\t\t\t<\/div>\n\t\t\t\t<\/div>\n\t\t\t\t\t<\/div>\n\t\t<\/div>\n\t\t\t\t\t<\/div>\n\t\t<\/section>\n\t\t\t\t<section class=\"elementor-section elementor-inner-section elementor-element elementor-element-380a0a6 elementor-section-boxed elementor-section-height-default elementor-section-height-default\" data-id=\"380a0a6\" data-element_type=\"section\">\n\t\t\t\t\t\t<div class=\"elementor-container elementor-column-gap-default\">\n\t\t\t\t\t<div class=\"elementor-column elementor-col-50 elementor-inner-column elementor-element elementor-element-bb0e9bc\" data-id=\"bb0e9bc\" data-element_type=\"column\">\n\t\t\t<div class=\"elementor-widget-wrap elementor-element-populated\">\n\t\t\t\t\t\t<div class=\"elementor-element elementor-element-b6de8e8 elementor-widget elementor-widget-e_image_hover_effects\" data-id=\"b6de8e8\" data-element_type=\"widget\" data-widget_type=\"e_image_hover_effects.default\">\n\t\t\t\t<div class=\"elementor-widget-container\">\n\t\t\t\t\t\t\t\t<a href=\"http:\/\/pierdema.com\/fr\/film-sculptures\/fs-ugetsu\/\">\n\t\t\t\t\t<div class=\"eihe-box eihe-fade eihe_\">\n\t\t\t\t<img fetchpriority=\"high\" decoding=\"async\" width=\"320\" height=\"320\" src=\"https:\/\/pierdema.com\/wp-content\/uploads\/2021\/03\/04a_01_ST4_Accueil_Ugetsu_03scult_filaire_010651_Bleue.jpg\" class=\"attachment-full size-full wp-image-447\" alt=\"\" srcset=\"https:\/\/pierdema.com\/wp-content\/uploads\/2021\/03\/04a_01_ST4_Accueil_Ugetsu_03scult_filaire_010651_Bleue.jpg 320w, https:\/\/pierdema.com\/wp-content\/uploads\/2021\/03\/04a_01_ST4_Accueil_Ugetsu_03scult_filaire_010651_Bleue-300x300.jpg 300w, https:\/\/pierdema.com\/wp-content\/uploads\/2021\/03\/04a_01_ST4_Accueil_Ugetsu_03scult_filaire_010651_Bleue-150x150.jpg 150w\" sizes=\"(max-width: 320px) 100vw, 320px\" \/>\t\t\t\t<div class=\"eihe-caption\">\n\t\t\t\t\t<div class=\"eihe-title-cover\">\n\t\t\t\t\t\t\t\t\t\t\t\t<h3 class=\"eihe-title\">Film-Sculpture<\/h3>\n\t\t\t\t\t\t\t\t\t\t\t<\/div>\n\t\t\t\t\t<p>(Ugetsu)<\/p>\n\t\t\t\t<\/div>\n\t\t\t<\/div>\n\t\t\t\t\t<\/a>\n\t\t\t\t\t\t<\/div>\n\t\t\t\t<\/div>\n\t\t\t\t\t<\/div>\n\t\t<\/div>\n\t\t\t\t<div class=\"elementor-column elementor-col-50 elementor-inner-column elementor-element elementor-element-ce57f07\" data-id=\"ce57f07\" data-element_type=\"column\">\n\t\t\t<div class=\"elementor-widget-wrap elementor-element-populated\">\n\t\t\t\t\t\t<div class=\"elementor-element elementor-element-2fa4d44 elementor-widget elementor-widget-e_image_hover_effects\" data-id=\"2fa4d44\" data-element_type=\"widget\" data-widget_type=\"e_image_hover_effects.default\">\n\t\t\t\t<div class=\"elementor-widget-container\">\n\t\t\t\t\t\t\t\t<a href=\"http:\/\/pierdema.com\/fr\/film-sculptures\/fs-klein\/\">\n\t\t\t\t\t<div class=\"eihe-box eihe-fade eihe_\">\n\t\t\t\t<img decoding=\"async\" width=\"320\" height=\"320\" src=\"https:\/\/pierdema.com\/wp-content\/uploads\/2021\/03\/04a_02_ST4_Accueil_BKlein15_02_2021_02b.jpg\" class=\"attachment-full size-full wp-image-448\" alt=\"\" srcset=\"https:\/\/pierdema.com\/wp-content\/uploads\/2021\/03\/04a_02_ST4_Accueil_BKlein15_02_2021_02b.jpg 320w, https:\/\/pierdema.com\/wp-content\/uploads\/2021\/03\/04a_02_ST4_Accueil_BKlein15_02_2021_02b-300x300.jpg 300w, https:\/\/pierdema.com\/wp-content\/uploads\/2021\/03\/04a_02_ST4_Accueil_BKlein15_02_2021_02b-150x150.jpg 150w\" sizes=\"(max-width: 320px) 100vw, 320px\" \/>\t\t\t\t<div class=\"eihe-caption\">\n\t\t\t\t\t<div class=\"eihe-title-cover\">\n\t\t\t\t\t\t\t\t\t\t\t\t<h3 class=\"eihe-title\">Film-Sculpture<\/h3>\n\t\t\t\t\t\t\t\t\t\t\t<\/div>\n\t\t\t\t\t<p>(Klein)<\/p>\n\t\t\t\t<\/div>\n\t\t\t<\/div>\n\t\t\t\t\t<\/a>\n\t\t\t\t\t\t<\/div>\n\t\t\t\t<\/div>\n\t\t\t\t\t<\/div>\n\t\t<\/div>\n\t\t\t\t\t<\/div>\n\t\t<\/section>\n\t\t\t\t<section class=\"elementor-section elementor-inner-section elementor-element elementor-element-6165651 elementor-section-boxed elementor-section-height-default elementor-section-height-default\" data-id=\"6165651\" data-element_type=\"section\">\n\t\t\t\t\t\t<div class=\"elementor-container elementor-column-gap-no\">\n\t\t\t\t\t<div class=\"elementor-column elementor-col-100 elementor-inner-column elementor-element elementor-element-39d53c6\" data-id=\"39d53c6\" data-element_type=\"column\">\n\t\t\t<div class=\"elementor-widget-wrap elementor-element-populated\">\n\t\t\t\t\t\t<div class=\"elementor-element elementor-element-c6ea6bc elementor-widget elementor-widget-text-editor\" data-id=\"c6ea6bc\" data-element_type=\"widget\" data-widget_type=\"text-editor.default\">\n\t\t\t\t<div class=\"elementor-widget-container\">\n\t\t\t\t\t\t\t\t\t<p>La \u201cpeau\u201d d\u2019un film, r\u00e9v\u00e9l\u00e9e en mat\u00e9rialisant la trace du cadre de la cam\u00e9ra dans l\u2019espace.<\/p>\t\t\t\t\t\t\t\t<\/div>\n\t\t\t\t<\/div>\n\t\t\t\t\t<\/div>\n\t\t<\/div>\n\t\t\t\t\t<\/div>\n\t\t<\/section>\n\t\t\t\t\t<\/div>\n\t\t<\/div>\n\t\t\t\t\t<\/div>\n\t\t<\/section>\n\t\t\t\t<\/div>","protected":false},"excerpt":{"rendered":"<p>Film-Sculptures Film-Sculpture (Ugetsu) Film-Sculpture (Klein) The \u201cskin\u201d of a film is revealed by tracing the path of the camera frame, rendering it material in space.<\/p>","protected":false},"author":1,"featured_media":0,"parent":0,"menu_order":0,"comment_status":"closed","ping_status":"closed","template":"","meta":{"_kad_post_transparent":"","_kad_post_title":"hide","_kad_post_layout":"fullwidth","_kad_post_sidebar_id":"","_kad_post_content_style":"unboxed","_kad_post_vertical_padding":"hide","_kad_post_feature":"hide","_kad_post_feature_position":"","_kad_post_header":false,"_kad_post_footer":false,"footnotes":""},"folder":[36],"_links":{"self":[{"href":"https:\/\/pierdema.com\/fr\/wp-json\/wp\/v2\/pages\/440"}],"collection":[{"href":"https:\/\/pierdema.com\/fr\/wp-json\/wp\/v2\/pages"}],"about":[{"href":"https:\/\/pierdema.com\/fr\/wp-json\/wp\/v2\/types\/page"}],"author":[{"embeddable":true,"href":"https:\/\/pierdema.com\/fr\/wp-json\/wp\/v2\/users\/1"}],"replies":[{"embeddable":true,"href":"https:\/\/pierdema.com\/fr\/wp-json\/wp\/v2\/comments?post=440"}],"version-history":[{"count":77,"href":"https:\/\/pierdema.com\/fr\/wp-json\/wp\/v2\/pages\/440\/revisions"}],"predecessor-version":[{"id":3170,"href":"https:\/\/pierdema.com\/fr\/wp-json\/wp\/v2\/pages\/440\/revisions\/3170"}],"wp:attachment":[{"href":"https:\/\/pierdema.com\/fr\/wp-json\/wp\/v2\/media?parent=440"}],"wp:term":[{"taxonomy":"folder","embeddable":true,"href":"https:\/\/pierdema.com\/fr\/wp-json\/wp\/v2\/folder?post=440"}],"curies":[{"name":"wp","href":"https:\/\/api.w.org\/{rel}","templated":true}]}}